{"id":988172,"date":"2024-05-03T14:54:46","date_gmt":"2024-05-03T14:54:46","guid":{"rendered":"https:\/\/casadospecados.pt\/?page_id=988172"},"modified":"2024-05-03T14:55:59","modified_gmt":"2024-05-03T14:55:59","slug":"politica-de-cookies","status":"publish","type":"page","link":"https:\/\/casadospecados.pt\/en\/politica-de-cookies\/","title":{"rendered":"Cookie Policy"},"content":{"rendered":"<div data-elementor-type=\"wp-page\" data-elementor-id=\"988172\" class=\"elementor elementor-988172\" data-elementor-post-type=\"page\">\n\t\t\t\t\t\t<section class=\"elementor-section elementor-top-section elementor-element elementor-element-54892d8f elementor-section-boxed elementor-section-height-default elementor-section-height-default\" data-id=\"54892d8f\" data-element_type=\"section\" data-e-type=\"section\">\n\t\t\t\t\t\t<div class=\"elementor-container elementor-column-gap-no\">\n\t\t\t\t\t<div class=\"elementor-column elementor-col-100 elementor-top-column elementor-element elementor-element-61cc4255\" data-id=\"61cc4255\" data-element_type=\"column\" data-e-type=\"column\">\n\t\t\t<div class=\"elementor-widget-wrap elementor-element-populated\">\n\t\t\t\t\t\t<div class=\"elementor-element elementor-element-1c8f891f elementor-widget elementor-widget-text-editor\" data-id=\"1c8f891f\" data-element_type=\"widget\" data-e-type=\"widget\" data-widget_type=\"text-editor.default\">\n\t\t\t\t<div class=\"elementor-widget-container\">\n\t\t\t\t\t\t\t\t\t<p>This cookie policy explains how <strong>www.casadospecados.pt <\/strong>(hereinafter referred to as \"we\", \"our\" or \"us\") uses cookies and similar technologies to improve your online experience and understand how you use our site. By continuing to use this site, you agree to our use of cookies as described in this policy.<\/p><p><strong>What are cookies?<\/strong><\/p><p>Cookies are small text files that a website transfers to your computer, smartphone or other device when you visit it. Cookies allow a website to recognize your device, personalize your user experience and provide essential features, such as keeping you logged in to your account or remembering the items in your shopping cart.<\/p><p><strong>What types of cookies do we use?<\/strong><\/p><ol><li><p><strong>Strictly Necessary Cookies<\/strong>These cookies are essential to allow you to browse the site and use its features, such as accessing secure areas of the site. Without these cookies, certain parts of the site may not function properly.<\/p><\/li><li><p><strong>Performance Cookies<\/strong>These cookies collect information about how visitors use our site, such as which pages they visit most often and whether they encounter error messages. These cookies do not collect information that identifies a visitor. All information collected by these cookies is aggregated and therefore anonymous. We use this information to improve the functioning of our site.<\/p><\/li><li><p><strong>Functionality Cookies<\/strong>These cookies allow the site to remember choices you make (such as your username, language or region) and provide improved and more personalized features. For example, we may use functionality cookies to remember the products you have added to your shopping cart.<\/p><\/li><li><p><strong>Advertising Cookies<\/strong>These cookies are used to show you advertisements that are relevant to you and your interests. We may share this information with third parties, such as advertising networks, for this purpose.<\/p><\/li><\/ol><p><strong>How to control cookies<\/strong><\/p><p>You can control and\/or delete cookies as you wish. You can delete all cookies already stored on your computer and you can configure most browsers to prevent cookies from being stored. However, if you choose to block cookies, you may have to manually adjust some preferences every time you visit a website, and some features and services may not work.<\/p><p><strong>Changes to this cookie policy<\/strong><\/p><p>We may update this cookie policy from time to time to reflect changes in cookie practices. We encourage you to check this page regularly for the latest information on how we use cookies.<\/p><p><strong>Contact us<\/strong><\/p><p>If you have any questions about this cookie policy, please contact us using our contact form available on the website.<\/p>\t\t\t\t\t\t\t\t<\/div>\n\t\t\t\t<\/div>\n\t\t\t\t\t<\/div>\n\t\t<\/div>\n\t\t\t\t\t<\/div>\n\t\t<\/section>\n\t\t\t\t<\/div>","protected":false},"excerpt":{"rendered":"<p>Esta pol\u00edtica de cookies explica como o www.casadospecados.pt (doravante referido como &#8220;n\u00f3s&#8221;, &#8220;nosso&#8221; ou &#8220;nos&#8221;) utiliza cookies e tecnologias semelhantes para melhorar a tua experi\u00eancia online e entenderes como utilizas o nosso site. Ao continuar a utilizar este site, est\u00e1s a concordar com a nossa utiliza\u00e7\u00e3o de cookies conforme descrito nesta pol\u00edtica. O que s\u00e3o [&hellip;]<\/p>","protected":false},"author":1,"featured_media":0,"parent":0,"menu_order":0,"comment_status":"closed","ping_status":"closed","template":"","meta":{"footnotes":""},"class_list":["post-988172","page","type-page","status-publish","hentry"],"_links":{"self":[{"href":"https:\/\/casadospecados.pt\/en\/wp-json\/wp\/v2\/pages\/988172","targetHints":{"allow":["GET"]}}],"collection":[{"href":"https:\/\/casadospecados.pt\/en\/wp-json\/wp\/v2\/pages"}],"about":[{"href":"https:\/\/casadospecados.pt\/en\/wp-json\/wp\/v2\/types\/page"}],"author":[{"embeddable":true,"href":"https:\/\/casadospecados.pt\/en\/wp-json\/wp\/v2\/users\/1"}],"replies":[{"embeddable":true,"href":"https:\/\/casadospecados.pt\/en\/wp-json\/wp\/v2\/comments?post=988172"}],"version-history":[{"count":0,"href":"https:\/\/casadospecados.pt\/en\/wp-json\/wp\/v2\/pages\/988172\/revisions"}],"wp:attachment":[{"href":"https:\/\/casadospecados.pt\/en\/wp-json\/wp\/v2\/media?parent=988172"}],"curies":[{"name":"wp","href":"https:\/\/api.w.org\/{rel}","templated":true}]}}