{"id":3,"date":"2022-12-31T13:35:57","date_gmt":"2022-12-31T13:35:57","guid":{"rendered":"https:\/\/boucherie.vamtam.com\/?page_id=3"},"modified":"2024-05-03T14:54:41","modified_gmt":"2024-05-03T14:54:41","slug":"politica-de-privacidade","status":"publish","type":"page","link":"https:\/\/casadospecados.pt\/fr\/politica-de-privacidade\/","title":{"rendered":"Politique de confidentialit\u00e9"},"content":{"rendered":"<div data-elementor-type=\"wp-page\" data-elementor-id=\"3\" class=\"elementor elementor-3\" data-elementor-post-type=\"page\">\n\t\t\t\t\t\t<section class=\"elementor-section elementor-top-section elementor-element elementor-element-6a30031 elementor-section-boxed elementor-section-height-default elementor-section-height-default\" data-id=\"6a30031\" data-element_type=\"section\" data-e-type=\"section\">\n\t\t\t\t\t\t<div class=\"elementor-container elementor-column-gap-no\">\n\t\t\t\t\t<div class=\"elementor-column elementor-col-100 elementor-top-column elementor-element elementor-element-314c0c5\" data-id=\"314c0c5\" data-element_type=\"column\" data-e-type=\"column\">\n\t\t\t<div class=\"elementor-widget-wrap elementor-element-populated\">\n\t\t\t\t\t\t<div class=\"elementor-element elementor-element-47d19a3 elementor-widget elementor-widget-spacer\" data-id=\"47d19a3\" data-element_type=\"widget\" data-e-type=\"widget\" data-widget_type=\"spacer.default\">\n\t\t\t\t<div class=\"elementor-widget-container\">\n\t\t\t\t\t\t\t<div class=\"elementor-spacer\">\n\t\t\t<div class=\"elementor-spacer-inner\"><\/div>\n\t\t<\/div>\n\t\t\t\t\t\t<\/div>\n\t\t\t\t<\/div>\n\t\t\t\t\t<\/div>\n\t\t<\/div>\n\t\t\t\t\t<\/div>\n\t\t<\/section>\n\t\t\t\t<section class=\"elementor-section elementor-top-section elementor-element elementor-element-54892d8f elementor-section-boxed elementor-section-height-default elementor-section-height-default\" data-id=\"54892d8f\" data-element_type=\"section\" data-e-type=\"section\">\n\t\t\t\t\t\t<div class=\"elementor-container elementor-column-gap-no\">\n\t\t\t\t\t<div class=\"elementor-column elementor-col-100 elementor-top-column elementor-element elementor-element-61cc4255\" data-id=\"61cc4255\" data-element_type=\"column\" data-e-type=\"column\">\n\t\t\t<div class=\"elementor-widget-wrap elementor-element-populated\">\n\t\t\t\t\t\t<div class=\"elementor-element elementor-element-1c8f891f elementor-widget elementor-widget-text-editor\" data-id=\"1c8f891f\" data-element_type=\"widget\" data-e-type=\"widget\" data-widget_type=\"text-editor.default\">\n\t\t\t\t<div class=\"elementor-widget-container\">\n\t\t\t\t\t\t\t\t\t<p>Le site web https:\/\/casadospecados.pt est la propri\u00e9t\u00e9 de Casa Dos Pecados, qui est le responsable du traitement de vos donn\u00e9es personnelles.<\/p><p>Nous avons adopt\u00e9 la pr\u00e9sente politique de confidentialit\u00e9, qui d\u00e9finit la mani\u00e8re dont nous traitons les informations collect\u00e9es par https:\/\/casadospecados.pt et explique pourquoi nous avons besoin de collecter certaines donn\u00e9es \u00e0 caract\u00e8re personnel vous concernant. Vous devez donc lire cette politique de confidentialit\u00e9 avant d'utiliser le site web https:\/\/casadospecados.pt.<\/p><p>Nous nous soucions de vos informations personnelles et nous nous engageons \u00e0 en assurer la confidentialit\u00e9 et la s\u00e9curit\u00e9. Les informations personnelles que nous recueillons :<\/p><p>Lorsque vous visitez le site https:\/\/casadospecados.pt, nous recueillons automatiquement certaines informations sur votre appareil, notamment sur votre navigateur, votre adresse IP, votre fuseau horaire et certains des cookies install\u00e9s sur votre appareil. En outre, lorsque vous naviguez sur le site, nous recueillons des informations sur les pages web ou les produits que vous consultez, les sites web ou les termes de recherche qui vous ont renvoy\u00e9 sur le site et la mani\u00e8re dont vous interagissez avec le site. Ces informations collect\u00e9es automatiquement sont appel\u00e9es \"informations relatives \u00e0 l'appareil\". En outre, nous pouvons collecter les donn\u00e9es personnelles que vous nous fournissez (y compris, mais sans s'y limiter, le nom de famille, le pr\u00e9nom, l'adresse, les informations de paiement, etc.<br \/>Pourquoi traitons-nous vos donn\u00e9es ?<\/p><p>Notre principale priorit\u00e9 est la s\u00e9curit\u00e9 des donn\u00e9es des clients et, \u00e0 ce titre, nous ne pouvons traiter que des donn\u00e9es minimales concernant les utilisateurs, dans la mesure o\u00f9 cela est absolument n\u00e9cessaire pour maintenir le site web. Les informations collect\u00e9es automatiquement ne sont utilis\u00e9es que pour identifier des cas potentiels d'abus et pour compiler des informations statistiques sur l'utilisation du site web. Ces informations statistiques ne sont pas agr\u00e9g\u00e9es pour identifier un utilisateur sp\u00e9cifique du syst\u00e8me.<\/p><p>Vous pouvez visiter le site web sans nous dire qui vous \u00eates ni r\u00e9v\u00e9ler d'informations permettant de vous identifier en tant que personne sp\u00e9cifique et identifiable. Toutefois, si vous souhaitez utiliser certaines fonctionnalit\u00e9s du site web, recevoir notre lettre d'information ou fournir d'autres donn\u00e9es en remplissant un formulaire, vous pouvez nous fournir des donn\u00e9es personnelles telles que votre adresse \u00e9lectronique, votre pr\u00e9nom, votre nom, votre ville de r\u00e9sidence, votre organisation et votre num\u00e9ro de t\u00e9l\u00e9phone. Vous pouvez choisir de ne pas nous fournir vos donn\u00e9es personnelles, mais dans ce cas, il se peut que vous ne puissiez pas profiter de certaines fonctionnalit\u00e9s du site web. Par exemple, vous ne pourrez pas recevoir notre lettre d'information ou nous contacter directement \u00e0 partir du site web. Les utilisateurs qui ne savent pas quelles informations sont requises sont invit\u00e9s \u00e0 nous contacter \u00e0 l'adresse casadospecadoslisboa@gmail.com.<br \/>Vos droits :<\/p><p>Si vous \u00eates un r\u00e9sident europ\u00e9en, vous disposez des droits suivants en ce qui concerne vos donn\u00e9es personnelles :<\/p><p>Le droit d'\u00eatre inform\u00e9.<br \/>Le droit d'acc\u00e8s.<br \/>Le droit de rectification.<br \/>Le droit \u00e0 l'effacement.<br \/>Le droit de restreindre le traitement.<br \/>Le droit \u00e0 la portabilit\u00e9 des donn\u00e9es.<br \/>Le droit d'opposition.<br \/>Droits relatifs \u00e0 la prise de d\u00e9cision automatis\u00e9e et au profilage.<\/p><p>Si vous souhaitez exercer ce droit, veuillez nous contacter en utilisant les coordonn\u00e9es ci-dessous.<\/p><p>En outre, si vous r\u00e9sidez en Europe, nous vous informons que nous traitons vos informations pour ex\u00e9cuter les contrats que nous pouvons avoir avec vous (par exemple, si vous passez une commande par l'interm\u00e9diaire du site), ou pour poursuivre nos int\u00e9r\u00eats commerciaux l\u00e9gitimes d\u00e9crits ci-dessus. En outre, vous devez savoir que vos informations peuvent \u00eatre transf\u00e9r\u00e9es en dehors de l'Europe, y compris au Canada et aux \u00c9tats-Unis.<br \/>Liens vers d'autres sites web :<\/p><p>Notre site web peut contenir des liens vers d'autres sites web qui ne nous appartiennent pas et ne sont pas contr\u00f4l\u00e9s par nous. Veuillez noter que nous ne sommes pas responsables de ces autres sites web ou des pratiques des tiers en mati\u00e8re de protection de la vie priv\u00e9e. Nous vous conseillons d'\u00eatre vigilant lorsque vous quittez notre site web et de lire les d\u00e9clarations de confidentialit\u00e9 de tous les sites web susceptibles de collecter des informations personnelles.<br \/>S\u00e9curit\u00e9 de l'information :<\/p><p>Nous conservons les informations que vous fournissez sur des serveurs informatiques dans un environnement contr\u00f4l\u00e9 et s\u00e9curis\u00e9, prot\u00e9g\u00e9 contre l'acc\u00e8s, l'utilisation ou la divulgation non autoris\u00e9s. Nous maintenons des mesures de protection administratives, techniques et physiques raisonnables pour emp\u00eacher l'acc\u00e8s, l'utilisation, la modification et la divulgation non autoris\u00e9s des donn\u00e9es \u00e0 caract\u00e8re personnel dont nous avons le contr\u00f4le et la garde. Toutefois, aucune transmission de donn\u00e9es sur Internet ou sur un r\u00e9seau sans fil ne peut \u00eatre garantie.<br \/>Information juridique :<\/p><p>Nous divulguerons toutes les informations que nous recueillons, utilisons ou recevons si la loi l'exige ou l'autorise, par exemple pour nous conformer \u00e0 une citation \u00e0 compara\u00eetre ou \u00e0 une proc\u00e9dure judiciaire similaire, et lorsque nous estimons de bonne foi que la divulgation est n\u00e9cessaire pour prot\u00e9ger nos droits, votre s\u00e9curit\u00e9 ou celle d'autres personnes, pour enqu\u00eater sur une fraude ou pour r\u00e9pondre \u00e0 une demande du gouvernement.<br \/>Coordonn\u00e9es de la personne \u00e0 contacter :<\/p><p>Si vous souhaitez nous contacter pour en savoir plus sur cette politique, ou si vous souhaitez nous poser des questions sur les droits individuels et vos informations personnelles, vous pouvez envoyer un courrier \u00e9lectronique \u00e0 casadospecadoslisboa@gmail.com.<\/p>\t\t\t\t\t\t\t\t<\/div>\n\t\t\t\t<\/div>\n\t\t\t\t\t<\/div>\n\t\t<\/div>\n\t\t\t\t\t<\/div>\n\t\t<\/section>\n\t\t\t\t<\/div>","protected":false},"excerpt":{"rendered":"<p>O site https:\/\/casadospecados.pt \u00e9 propriedade da Casa Dos Pecados, que \u00e9 um controlador de dados dos seus dados pessoais. Adopt\u00e1mos esta pol\u00edtica de privacidade, que determina a forma como tratamos a informa\u00e7\u00e3o recolhida pelo https:\/\/casadospecados.pt, que tamb\u00e9m fornece as raz\u00f5es pelas quais precisamos de recolher determinados dados pessoais do utilizador. Por conseguinte, o utilizador deve [&hellip;]<\/p>","protected":false},"author":1,"featured_media":0,"parent":0,"menu_order":0,"comment_status":"closed","ping_status":"closed","template":"","meta":{"footnotes":""},"class_list":["post-3","page","type-page","status-publish","hentry"],"_links":{"self":[{"href":"https:\/\/casadospecados.pt\/fr\/wp-json\/wp\/v2\/pages\/3","targetHints":{"allow":["GET"]}}],"collection":[{"href":"https:\/\/casadospecados.pt\/fr\/wp-json\/wp\/v2\/pages"}],"about":[{"href":"https:\/\/casadospecados.pt\/fr\/wp-json\/wp\/v2\/types\/page"}],"author":[{"embeddable":true,"href":"https:\/\/casadospecados.pt\/fr\/wp-json\/wp\/v2\/users\/1"}],"replies":[{"embeddable":true,"href":"https:\/\/casadospecados.pt\/fr\/wp-json\/wp\/v2\/comments?post=3"}],"version-history":[{"count":0,"href":"https:\/\/casadospecados.pt\/fr\/wp-json\/wp\/v2\/pages\/3\/revisions"}],"wp:attachment":[{"href":"https:\/\/casadospecados.pt\/fr\/wp-json\/wp\/v2\/media?parent=3"}],"curies":[{"name":"wp","href":"https:\/\/api.w.org\/{rel}","templated":true}]}}