{"id":988158,"date":"2024-05-03T14:49:40","date_gmt":"2024-05-03T14:49:40","guid":{"rendered":"https:\/\/casadospecados.pt\/?page_id=988158"},"modified":"2024-05-03T14:52:56","modified_gmt":"2024-05-03T14:52:56","slug":"termos-e-condicoes","status":"publish","type":"page","link":"https:\/\/casadospecados.pt\/fr\/termos-e-condicoes\/","title":{"rendered":"Conditions d'utilisation"},"content":{"rendered":"<div data-elementor-type=\"wp-page\" data-elementor-id=\"988158\" class=\"elementor elementor-988158\" data-elementor-post-type=\"page\">\n\t\t\t\t\t\t<section class=\"elementor-section elementor-top-section elementor-element elementor-element-54892d8f elementor-section-boxed elementor-section-height-default elementor-section-height-default\" data-id=\"54892d8f\" data-element_type=\"section\" data-e-type=\"section\">\n\t\t\t\t\t\t<div class=\"elementor-container elementor-column-gap-no\">\n\t\t\t\t\t<div class=\"elementor-column elementor-col-100 elementor-top-column elementor-element elementor-element-61cc4255\" data-id=\"61cc4255\" data-element_type=\"column\" data-e-type=\"column\">\n\t\t\t<div class=\"elementor-widget-wrap elementor-element-populated\">\n\t\t\t\t\t\t<div class=\"elementor-element elementor-element-1c8f891f elementor-widget elementor-widget-text-editor\" data-id=\"1c8f891f\" data-element_type=\"widget\" data-e-type=\"widget\" data-widget_type=\"text-editor.default\">\n\t\t\t\t<div class=\"elementor-widget-container\">\n\t\t\t\t\t\t\t\t\t<p>Bienvenue \u00e0 la Maison des p\u00e9ch\u00e9s !<\/p><p>Ces termes et conditions d\u00e9finissent les r\u00e8gles et r\u00e8glements pour l'utilisation du site Internet de Casa Dos Pecados, situ\u00e9 \u00e0 l'adresse https:\/\/casadospecados.pt.<\/p><p>En acc\u00e9dant \u00e0 ce site, nous supposons que vous acceptez ces termes et conditions. Ne continuez pas \u00e0 utiliser Casa Dos Pecados si vous n'\u00eates pas d'accord avec tous les termes et conditions \u00e9nonc\u00e9s sur cette page. Cookies :<\/p><p>Le site web utilise des cookies pour personnaliser votre exp\u00e9rience en ligne. En acc\u00e9dant \u00e0 Casa Dos Pecados, vous acceptez l'utilisation des cookies n\u00e9cessaires.<\/p><p>Un cookie est un fichier texte plac\u00e9 sur votre disque dur par un serveur de pages web. Les cookies ne peuvent pas \u00eatre utilis\u00e9s pour ex\u00e9cuter des programmes ou envoyer des virus sur votre ordinateur. Les cookies sont attribu\u00e9s exclusivement \u00e0 l'utilisateur et ne peuvent \u00eatre lus que par un serveur web du domaine qui a \u00e9mis le cookie pour l'utilisateur.<\/p><p>Nous pouvons utiliser des cookies pour collecter, stocker et suivre des informations \u00e0 des fins statistiques ou de marketing afin de faire fonctionner notre site web. Vous avez la possibilit\u00e9 d'accepter ou de refuser les cookies facultatifs. Certains cookies obligatoires sont n\u00e9cessaires au fonctionnement de notre site web. Ces cookies ne requi\u00e8rent pas votre consentement car ils fonctionnent toujours. Veuillez noter qu'en acceptant les cookies obligatoires, vous acceptez \u00e9galement les cookies de tiers, qui peuvent \u00eatre utilis\u00e9s dans le cadre de services fournis par des tiers si vous utilisez ces services sur notre site web, par exemple une fen\u00eatre de visualisation vid\u00e9o fournie par un tiers et int\u00e9gr\u00e9e \u00e0 notre site web.<br \/>Licence :<\/p><p>Sauf indication contraire, Casa Dos Pecados et\/ou ses conc\u00e9dants de licence d\u00e9tiennent les droits de propri\u00e9t\u00e9 intellectuelle pour l'ensemble du contenu de Casa Dos Pecados. Tous les droits de propri\u00e9t\u00e9 intellectuelle sont r\u00e9serv\u00e9s. Vous pouvez y acc\u00e9der \u00e0 partir de Casa Dos Pecados pour votre usage personnel, sous r\u00e9serve des restrictions \u00e9nonc\u00e9es dans les pr\u00e9sentes conditions g\u00e9n\u00e9rales.<\/p><p>Non autoris\u00e9 :<\/p><p>Copier ou republier tout mat\u00e9riel de Casa Dos Pecados. Vendre, louer ou conc\u00e9der des sous-licences sur le mat\u00e9riel de Casa Dos Pecados. Reproduire, dupliquer ou copier le mat\u00e9riel de Casa Dos Pecados. Redistribuer le contenu de Casa Dos Pecados.<\/p><p>Le pr\u00e9sent accord prend effet \u00e0 la date de sa signature.<\/p><p>Certaines parties de ce site offrent aux utilisateurs la possibilit\u00e9 de publier et d'\u00e9changer des opinions et des informations dans certaines zones du site. Casa Dos Pecados ne s\u00e9lectionne pas, n'\u00e9dite pas, ne publie pas et ne v\u00e9rifie pas les commentaires avant qu'ils n'apparaissent sur le site. Les commentaires ne refl\u00e8tent pas les points de vue et les opinions de Casa Dos Pecados, de ses agents et\/ou de ses affili\u00e9s. Les commentaires refl\u00e8tent les points de vue et les opinions de la personne qui les publie. Dans la mesure o\u00f9 la loi applicable le permet, Casa Dos Pecados n'est pas responsable des commentaires ni de toute responsabilit\u00e9, dommage ou d\u00e9pense caus\u00e9s et\/ou encourus \u00e0 la suite de l'utilisation et\/ou de la publication et\/ou de l'apparition des commentaires sur ce site web.<\/p><p>Casa Dos Pecados se r\u00e9serve le droit de contr\u00f4ler tous les commentaires et de supprimer tout commentaire pouvant \u00eatre consid\u00e9r\u00e9 comme inappropri\u00e9, offensant ou entra\u00eenant une violation des pr\u00e9sentes conditions g\u00e9n\u00e9rales.<\/p><p>L'utilisateur garantit et d\u00e9clare que<\/p><p>L'utilisateur a le droit de publier des commentaires sur notre site web et dispose de toutes les licences et autorisations n\u00e9cessaires pour ce faire ;<br \/>Les commentaires n'enfreignent aucun droit de propri\u00e9t\u00e9 intellectuelle, y compris, mais sans s'y limiter, les droits d'auteur, les brevets ou les marques commerciales d'un tiers ; et Les commentaires ne contiennent aucun \u00e9l\u00e9ment diffamatoire, injurieux, offensant, ind\u00e9cent ou autrement ill\u00e9gal qui constitue une atteinte \u00e0 la vie priv\u00e9e. Les commentaires ne seront pas utilis\u00e9s pour solliciter ou promouvoir une entreprise ou une coutume, ni pour repr\u00e9senter une entreprise ou une activit\u00e9 ill\u00e9gale.<\/p><p>Vous accordez \u00e0 Casa Dos Pecados une licence non exclusive pour utiliser, reproduire, \u00e9diter et autoriser d'autres personnes \u00e0 utiliser, reproduire et \u00e9diter vos commentaires de quelque mani\u00e8re que ce soit. Lien vers notre contenu :<\/p><p>Les organisations suivantes peuvent cr\u00e9er des liens vers notre site web sans autorisation \u00e9crite pr\u00e9alable :<\/p><p>Agences gouvernementales ;<br \/>Moteurs de recherche ;<br \/>Organismes de presse ;<br \/>Les distributeurs d'annuaires en ligne peuvent \u00e9tablir un lien avec notre site web de la m\u00eame mani\u00e8re qu'ils \u00e9tablissent un lien avec les sites web d'autres soci\u00e9t\u00e9s cot\u00e9es en bourse ; et les soci\u00e9t\u00e9s accr\u00e9dit\u00e9es dans l'ensemble du syst\u00e8me, \u00e0 l'exception des organisations de sollicitation sans but lucratif, des centres d'affaires caritatifs et des groupes de collecte de fonds caritatifs, qui ne peuvent pas \u00e9tablir de lien avec notre site web.<\/p><p>Ces organisations peuvent \u00e9tablir un lien avec notre page d'accueil, nos publications ou d'autres informations sur le site web, \u00e0 condition que le lien (a) ne soit pas trompeur de quelque mani\u00e8re que ce soit ; (b) n'implique pas faussement le parrainage, l'approbation ou le soutien de la partie qui \u00e9tablit le lien et de ses produits et\/ou services ; et (c) s'inscrive dans le contexte du site de la partie qui \u00e9tablit le lien.<\/p><p>Nous pouvons examiner et approuver les demandes de liens suppl\u00e9mentaires \u00e9manant des types d'organisations suivants :<\/p><p>des sources d'information provenant de consommateurs et\/ou d'entreprises connues ; des sites communautaires dot.com ; des associations ou autres groupes repr\u00e9sentant des organisations caritatives ; des distributeurs d'annuaires en ligne ; des portails Internet ; des cabinets de comptables, d'avocats et de consultants ; et des \u00e9tablissements d'enseignement et des associations professionnelles.<\/p><p>Nous approuverons les demandes de liens \u00e9manant de ces organisations si nous d\u00e9cidons que : (a) le lien ne donnera pas une image d\u00e9favorable de nous ou de nos entreprises accr\u00e9dit\u00e9es ; (b) l'organisation n'a pas d'ant\u00e9c\u00e9dents n\u00e9gatifs avec nous ; (c) l'avantage pour nous de la visibilit\u00e9 de l'hyperlien l'emporte sur l'absence de Casa Dos Pecados ; et (d) le lien s'inscrit dans le contexte d'une information g\u00e9n\u00e9rale sur les ressources.<\/p><p>Ces organisations peuvent \u00e9tablir un lien avec notre page d'accueil \u00e0 condition que le lien (a) ne soit pas trompeur de quelque mani\u00e8re que ce soit ; (b) n'implique pas faussement un parrainage, un soutien ou une approbation de la partie qui \u00e9tablit le lien et de ses produits ou services ; et (c) s'inscrive dans le contexte du site web de la partie qui \u00e9tablit le lien.<\/p><p>Si vous \u00eates l'une des organisations \u00e9num\u00e9r\u00e9es au paragraphe 2 ci-dessus et que vous souhaitez cr\u00e9er un lien vers notre site, vous devez nous en informer en envoyant un courrier \u00e9lectronique \u00e0 Casa Dos Pecados. Veuillez inclure votre nom, le nom de votre organisation, vos coordonn\u00e9es et l'URL de votre site, une liste de tous les URL \u00e0 partir desquels vous souhaitez cr\u00e9er un lien vers notre site, ainsi qu'une liste des URL de notre site vers lesquels vous souhaitez cr\u00e9er un lien. Veuillez pr\u00e9voir un d\u00e9lai de 2 \u00e0 3 semaines pour une r\u00e9ponse.<\/p><p>Les organisations agr\u00e9\u00e9es peuvent cr\u00e9er des hyperliens vers notre site web de la mani\u00e8re suivante :<\/p><p>en utilisant notre raison sociale ; ou en utilisant le localisateur de ressources uniformes vers lequel le lien est \u00e9tabli ; ou en utilisant toute autre description de notre site li\u00e9 qui a un sens dans le contexte et le format du contenu du site de la partie qui \u00e9tablit le lien.<\/p><p>L'utilisation du logo de la Casa dos Pecados ou d'autres illustrations pour cr\u00e9er des liens ne sera pas autoris\u00e9e en l'absence d'un accord de licence de marque.<br \/>Responsabilit\u00e9 du contenu :<\/p><p>Nous ne sommes pas responsables du contenu de votre site web. Vous acceptez de nous prot\u00e9ger et de nous d\u00e9fendre contre toute r\u00e9clamation faite sur votre site web. Aucun lien ne doit appara\u00eetre sur un site web qui pourrait \u00eatre interpr\u00e9t\u00e9 comme diffamatoire, obsc\u00e8ne ou criminel, ou qui enfreint, viole ou pr\u00e9conise l'enfreinte ou toute autre violation des droits de tiers.<br \/>R\u00e9serve de droits :<\/p><p>Nous nous r\u00e9servons le droit de vous demander de supprimer tous les liens ou un lien sp\u00e9cifique vers notre site web. Vous acceptez de supprimer imm\u00e9diatement tous les liens vers notre site web sur demande. Nous nous r\u00e9servons \u00e9galement le droit de modifier \u00e0 tout moment les pr\u00e9sentes conditions g\u00e9n\u00e9rales et notre politique en mati\u00e8re de liens. En continuant \u00e0 \u00e9tablir des liens vers notre site web, vous vous engagez \u00e0 respecter et \u00e0 suivre les pr\u00e9sentes conditions d'utilisation des liens.<br \/>Suppression de liens sur notre site web :<\/p><p>Si vous trouvez sur notre site web un lien offensant pour quelque raison que ce soit, vous pouvez nous contacter et nous en faire part \u00e0 tout moment. Nous analyserons les demandes de suppression de liens, mais nous ne sommes pas oblig\u00e9s de le faire ou de vous r\u00e9pondre directement.<\/p><p>Nous ne garantissons pas l'exactitude des informations contenues sur ce site web. Nous ne garantissons pas leur exhaustivit\u00e9 ou leur exactitude, et nous ne nous engageons pas non plus \u00e0 garantir que le site reste disponible ou que le mat\u00e9riel qu'il contient reste \u00e0 jour.<br \/>D\u00e9charge de responsabilit\u00e9 :<\/p><p>Dans toute la mesure permise par la loi applicable, nous excluons toutes les repr\u00e9sentations, garanties et conditions relatives \u00e0 notre site web et \u00e0 l'utilisation que vous en faites. Aucune disposition de la pr\u00e9sente clause de non-responsabilit\u00e9<\/p><p>limiter ou exclure notre ou votre responsabilit\u00e9 en cas de d\u00e9c\u00e8s ou de dommages corporels ; limiter ou exclure notre ou votre responsabilit\u00e9 en cas de fraude ou de d\u00e9claration frauduleuse ; limiter notre ou votre responsabilit\u00e9 d'une mani\u00e8re qui n'est pas autoris\u00e9e par la loi applicable ; ou exclure notre ou votre responsabilit\u00e9 qui ne peut \u00eatre exclue en vertu de la loi applicable.<\/p><p>Les limitations et interdictions de responsabilit\u00e9 \u00e9nonc\u00e9es dans cette section et ailleurs dans la pr\u00e9sente clause de non-responsabilit\u00e9 : (a) sont soumises au paragraphe pr\u00e9c\u00e9dent ; et (b) r\u00e9gissent toutes les responsabilit\u00e9s d\u00e9coulant de la clause de non-responsabilit\u00e9, y compris les responsabilit\u00e9s contractuelles, non contractuelles et les violations d'obligations l\u00e9gales.<\/p><p>Tant que le site web et les informations et services qu'il contient sont fournis gratuitement, nous ne sommes pas responsables des pertes ou dommages de quelque nature que ce soit.<\/p>\t\t\t\t\t\t\t\t<\/div>\n\t\t\t\t<\/div>\n\t\t\t\t\t<\/div>\n\t\t<\/div>\n\t\t\t\t\t<\/div>\n\t\t<\/section>\n\t\t\t\t<\/div>","protected":false},"excerpt":{"rendered":"<p>Bem-vindo \u00e0 Casa Dos Pecados! Estes termos e condi\u00e7\u00f5es descrevem as regras e regulamentos para o uso do site da Casa Dos Pecados, localizado em https:\/\/casadospecados.pt. Ao aceder a este site, assumimos que aceita estes termos e condi\u00e7\u00f5es. N\u00e3o continue a utilizar a Casa Dos Pecados se n\u00e3o estiver de acordo com todos os termos [&hellip;]<\/p>","protected":false},"author":1,"featured_media":0,"parent":0,"menu_order":0,"comment_status":"closed","ping_status":"closed","template":"","meta":{"footnotes":""},"class_list":["post-988158","page","type-page","status-publish","hentry"],"_links":{"self":[{"href":"https:\/\/casadospecados.pt\/fr\/wp-json\/wp\/v2\/pages\/988158","targetHints":{"allow":["GET"]}}],"collection":[{"href":"https:\/\/casadospecados.pt\/fr\/wp-json\/wp\/v2\/pages"}],"about":[{"href":"https:\/\/casadospecados.pt\/fr\/wp-json\/wp\/v2\/types\/page"}],"author":[{"embeddable":true,"href":"https:\/\/casadospecados.pt\/fr\/wp-json\/wp\/v2\/users\/1"}],"replies":[{"embeddable":true,"href":"https:\/\/casadospecados.pt\/fr\/wp-json\/wp\/v2\/comments?post=988158"}],"version-history":[{"count":0,"href":"https:\/\/casadospecados.pt\/fr\/wp-json\/wp\/v2\/pages\/988158\/revisions"}],"wp:attachment":[{"href":"https:\/\/casadospecados.pt\/fr\/wp-json\/wp\/v2\/media?parent=988158"}],"curies":[{"name":"wp","href":"https:\/\/api.w.org\/{rel}","templated":true}]}}