{"id":988172,"date":"2024-05-03T14:54:46","date_gmt":"2024-05-03T14:54:46","guid":{"rendered":"https:\/\/casadospecados.pt\/?page_id=988172"},"modified":"2024-05-03T14:55:59","modified_gmt":"2024-05-03T14:55:59","slug":"politica-de-cookies","status":"publish","type":"page","link":"https:\/\/casadospecados.pt\/fr\/politica-de-cookies\/","title":{"rendered":"Politique en mati\u00e8re de cookies"},"content":{"rendered":"<div data-elementor-type=\"wp-page\" data-elementor-id=\"988172\" class=\"elementor elementor-988172\" data-elementor-post-type=\"page\">\n\t\t\t\t\t\t<section class=\"elementor-section elementor-top-section elementor-element elementor-element-54892d8f elementor-section-boxed elementor-section-height-default elementor-section-height-default\" data-id=\"54892d8f\" data-element_type=\"section\" data-e-type=\"section\">\n\t\t\t\t\t\t<div class=\"elementor-container elementor-column-gap-no\">\n\t\t\t\t\t<div class=\"elementor-column elementor-col-100 elementor-top-column elementor-element elementor-element-61cc4255\" data-id=\"61cc4255\" data-element_type=\"column\" data-e-type=\"column\">\n\t\t\t<div class=\"elementor-widget-wrap elementor-element-populated\">\n\t\t\t\t\t\t<div class=\"elementor-element elementor-element-1c8f891f elementor-widget elementor-widget-text-editor\" data-id=\"1c8f891f\" data-element_type=\"widget\" data-e-type=\"widget\" data-widget_type=\"text-editor.default\">\n\t\t\t\t<div class=\"elementor-widget-container\">\n\t\t\t\t\t\t\t\t\t<p>La pr\u00e9sente politique en mati\u00e8re de cookies explique comment <strong>www.casadospecados.pt <\/strong>(ci-apr\u00e8s d\u00e9nomm\u00e9 \"nous\", \"notre\" ou \"nos\") utilise des cookies et des technologies similaires pour am\u00e9liorer votre exp\u00e9rience en ligne et comprendre comment vous utilisez notre site web. En continuant \u00e0 utiliser ce site web, vous acceptez notre utilisation des cookies telle qu'elle est d\u00e9crite dans cette politique.<\/p><p><strong>Qu'est-ce qu'un biscuit ?<\/strong><\/p><p>Les cookies sont de petits fichiers texte qu'un site web transf\u00e8re sur votre ordinateur, votre smartphone ou tout autre appareil lorsque vous le visitez. Les cookies permettent \u00e0 un site web de reconna\u00eetre votre appareil, de personnaliser votre exp\u00e9rience d'utilisateur et de fournir des fonctionnalit\u00e9s essentielles, telles que la connexion \u00e0 votre compte ou la m\u00e9morisation des articles de votre panier d'achat.<\/p><p><strong>Quels types de cookies utilisons-nous ?<\/strong><\/p><ol><li><p><strong>Cookies strictement n\u00e9cessaires<\/strong>Ces cookies sont essentiels pour vous permettre de naviguer sur le site et d'utiliser ses fonctionnalit\u00e9s, telles que l'acc\u00e8s aux zones s\u00e9curis\u00e9es du site. Sans ces cookies, certaines parties du site pourraient ne pas fonctionner correctement.<\/p><\/li><li><p><strong>Cookies de performance<\/strong>Ces cookies recueillent des informations sur la mani\u00e8re dont les visiteurs utilisent notre site, comme les pages qu'ils visitent le plus souvent et les messages d'erreur qu'ils rencontrent. Ces cookies ne collectent pas d'informations permettant d'identifier un visiteur. Toutes les informations collect\u00e9es par ces cookies sont agr\u00e9g\u00e9es et donc anonymes. Nous utilisons ces informations pour am\u00e9liorer le fonctionnement de notre site web.<\/p><\/li><li><p><strong>Cookies de fonctionnalit\u00e9<\/strong>Ces cookies permettent au site de se souvenir des choix que vous faites (comme votre nom d'utilisateur, votre langue ou votre r\u00e9gion) et de fournir des fonctions am\u00e9lior\u00e9es et plus personnalis\u00e9es. Par exemple, nous pouvons utiliser des cookies de fonctionnalit\u00e9 pour m\u00e9moriser les produits que vous avez ajout\u00e9s \u00e0 votre panier d'achat.<\/p><\/li><li><p><strong>Cookies publicitaires<\/strong>Ces cookies sont utilis\u00e9s pour vous montrer des publicit\u00e9s qui sont pertinentes pour vous et vos int\u00e9r\u00eats. Nous pouvons partager ces informations avec des tiers, tels que des r\u00e9seaux publicitaires, \u00e0 cette fin.<\/p><\/li><\/ol><p><strong>Comment contr\u00f4ler les cookies<\/strong><\/p><p>Vous pouvez contr\u00f4ler et\/ou supprimer les cookies comme vous le souhaitez. Vous pouvez supprimer tous les cookies d\u00e9j\u00e0 stock\u00e9s sur votre ordinateur et vous pouvez configurer la plupart des navigateurs pour emp\u00eacher le stockage des cookies. Toutefois, si vous choisissez de bloquer les cookies, il se peut que vous deviez ajuster manuellement certaines pr\u00e9f\u00e9rences \u00e0 chaque fois que vous visitez un site web, et que certaines fonctionnalit\u00e9s et certains services ne fonctionnent pas.<\/p><p><strong>Modifications de la pr\u00e9sente politique en mati\u00e8re de cookies<\/strong><\/p><p>Nous pouvons mettre \u00e0 jour cette politique en mati\u00e8re de cookies de temps \u00e0 autre pour refl\u00e9ter les changements dans les pratiques en mati\u00e8re de cookies. Nous vous encourageons \u00e0 consulter r\u00e9guli\u00e8rement cette page pour obtenir les derni\u00e8res informations sur la mani\u00e8re dont nous utilisons les cookies.<\/p><p><strong>Contactez nous<\/strong><\/p><p>Si vous avez des questions concernant cette politique en mati\u00e8re de cookies, veuillez nous contacter en utilisant notre formulaire de contact disponible sur le site web.<\/p>\t\t\t\t\t\t\t\t<\/div>\n\t\t\t\t<\/div>\n\t\t\t\t\t<\/div>\n\t\t<\/div>\n\t\t\t\t\t<\/div>\n\t\t<\/section>\n\t\t\t\t<\/div>","protected":false},"excerpt":{"rendered":"<p>Esta pol\u00edtica de cookies explica como o www.casadospecados.pt (doravante referido como &#8220;n\u00f3s&#8221;, &#8220;nosso&#8221; ou &#8220;nos&#8221;) utiliza cookies e tecnologias semelhantes para melhorar a tua experi\u00eancia online e entenderes como utilizas o nosso site. Ao continuar a utilizar este site, est\u00e1s a concordar com a nossa utiliza\u00e7\u00e3o de cookies conforme descrito nesta pol\u00edtica. O que s\u00e3o [&hellip;]<\/p>","protected":false},"author":1,"featured_media":0,"parent":0,"menu_order":0,"comment_status":"closed","ping_status":"closed","template":"","meta":{"footnotes":""},"class_list":["post-988172","page","type-page","status-publish","hentry"],"_links":{"self":[{"href":"https:\/\/casadospecados.pt\/fr\/wp-json\/wp\/v2\/pages\/988172","targetHints":{"allow":["GET"]}}],"collection":[{"href":"https:\/\/casadospecados.pt\/fr\/wp-json\/wp\/v2\/pages"}],"about":[{"href":"https:\/\/casadospecados.pt\/fr\/wp-json\/wp\/v2\/types\/page"}],"author":[{"embeddable":true,"href":"https:\/\/casadospecados.pt\/fr\/wp-json\/wp\/v2\/users\/1"}],"replies":[{"embeddable":true,"href":"https:\/\/casadospecados.pt\/fr\/wp-json\/wp\/v2\/comments?post=988172"}],"version-history":[{"count":0,"href":"https:\/\/casadospecados.pt\/fr\/wp-json\/wp\/v2\/pages\/988172\/revisions"}],"wp:attachment":[{"href":"https:\/\/casadospecados.pt\/fr\/wp-json\/wp\/v2\/media?parent=988172"}],"curies":[{"name":"wp","href":"https:\/\/api.w.org\/{rel}","templated":true}]}}