{"id":3,"date":"2022-12-31T13:35:57","date_gmt":"2022-12-31T13:35:57","guid":{"rendered":"https:\/\/boucherie.vamtam.com\/?page_id=3"},"modified":"2024-05-03T14:54:41","modified_gmt":"2024-05-03T14:54:41","slug":"politica-de-privacidade","status":"publish","type":"page","link":"https:\/\/casadospecados.pt\/pt\/politica-de-privacidade\/","title":{"rendered":"Pol\u00edtica de Privacidade"},"content":{"rendered":"\t\t<div data-elementor-type=\"wp-page\" data-elementor-id=\"3\" class=\"elementor elementor-3\" data-elementor-post-type=\"page\">\n\t\t\t\t\t\t<section class=\"elementor-section elementor-top-section elementor-element elementor-element-6a30031 elementor-section-boxed elementor-section-height-default elementor-section-height-default\" data-id=\"6a30031\" data-element_type=\"section\" data-e-type=\"section\">\n\t\t\t\t\t\t<div class=\"elementor-container elementor-column-gap-no\">\n\t\t\t\t\t<div class=\"elementor-column elementor-col-100 elementor-top-column elementor-element elementor-element-314c0c5\" data-id=\"314c0c5\" data-element_type=\"column\" data-e-type=\"column\">\n\t\t\t<div class=\"elementor-widget-wrap elementor-element-populated\">\n\t\t\t\t\t\t<div class=\"elementor-element elementor-element-47d19a3 elementor-widget elementor-widget-spacer\" data-id=\"47d19a3\" data-element_type=\"widget\" data-e-type=\"widget\" data-widget_type=\"spacer.default\">\n\t\t\t\t<div class=\"elementor-widget-container\">\n\t\t\t\t\t\t\t<div class=\"elementor-spacer\">\n\t\t\t<div class=\"elementor-spacer-inner\"><\/div>\n\t\t<\/div>\n\t\t\t\t\t\t<\/div>\n\t\t\t\t<\/div>\n\t\t\t\t\t<\/div>\n\t\t<\/div>\n\t\t\t\t\t<\/div>\n\t\t<\/section>\n\t\t\t\t<section class=\"elementor-section elementor-top-section elementor-element elementor-element-54892d8f elementor-section-boxed elementor-section-height-default elementor-section-height-default\" data-id=\"54892d8f\" data-element_type=\"section\" data-e-type=\"section\">\n\t\t\t\t\t\t<div class=\"elementor-container elementor-column-gap-no\">\n\t\t\t\t\t<div class=\"elementor-column elementor-col-100 elementor-top-column elementor-element elementor-element-61cc4255\" data-id=\"61cc4255\" data-element_type=\"column\" data-e-type=\"column\">\n\t\t\t<div class=\"elementor-widget-wrap elementor-element-populated\">\n\t\t\t\t\t\t<div class=\"elementor-element elementor-element-1c8f891f elementor-widget elementor-widget-text-editor\" data-id=\"1c8f891f\" data-element_type=\"widget\" data-e-type=\"widget\" data-widget_type=\"text-editor.default\">\n\t\t\t\t<div class=\"elementor-widget-container\">\n\t\t\t\t\t\t\t\t\t<p>O site https:\/\/casadospecados.pt \u00e9 propriedade da Casa Dos Pecados, que \u00e9 um controlador de dados dos seus dados pessoais.<\/p><p>Adopt\u00e1mos esta pol\u00edtica de privacidade, que determina a forma como tratamos a informa\u00e7\u00e3o recolhida pelo https:\/\/casadospecados.pt, que tamb\u00e9m fornece as raz\u00f5es pelas quais precisamos de recolher determinados dados pessoais do utilizador. Por conseguinte, o utilizador deve ler esta pol\u00edtica de privacidade antes de utilizar o s\u00edtio Web https:\/\/casadospecados.pt.<\/p><p>Preocupamo-nos com as suas informa\u00e7\u00f5es pessoais e estamos empenhados em garantir a sua confidencialidade e seguran\u00e7a. As informa\u00e7\u00f5es pessoais que recolhemos:<\/p><p>Quando visita o https:\/\/casadospecados.pt, recolhemos automaticamente determinadas informa\u00e7\u00f5es sobre o seu dispositivo, incluindo informa\u00e7\u00f5es sobre o seu browser, endere\u00e7o IP, fuso hor\u00e1rio e alguns dos cookies instalados no seu dispositivo. Al\u00e9m disso, \u00e0 medida que o utilizador navega no S\u00edtio, recolhemos informa\u00e7\u00f5es sobre as p\u00e1ginas Web ou produtos individuais que visualiza, os s\u00edtios Web ou termos de pesquisa que o encaminharam para o S\u00edtio e a forma como interage com o S\u00edtio. Referimo-nos a estas informa\u00e7\u00f5es recolhidas automaticamente como &#8220;informa\u00e7\u00f5es do dispositivo&#8221;. Al\u00e9m disso, podemos recolher os dados pessoais que nos fornece (incluindo, mas n\u00e3o se limitando a, apelido, nome pr\u00f3prio, endere\u00e7o, informa\u00e7\u00f5es de pagamento, etc.) durante o registo, a fim de executar o contrato.<br \/>Porque \u00e9 que processamos os seus dados?<\/p><p>A nossa principal prioridade \u00e9 a seguran\u00e7a dos dados dos clientes e, como tal, s\u00f3 podemos processar dados m\u00ednimos do utilizador, apenas na medida do absolutamente necess\u00e1rio para manter o s\u00edtio Web. As informa\u00e7\u00f5es recolhidas automaticamente s\u00e3o utilizadas apenas para identificar potenciais casos de abuso e para compilar informa\u00e7\u00f5es estat\u00edsticas sobre a utiliza\u00e7\u00e3o do s\u00edtio Web. Estas informa\u00e7\u00f5es estat\u00edsticas n\u00e3o s\u00e3o agregadas de forma a identificar qualquer utilizador espec\u00edfico do sistema.<\/p><p>O utilizador pode visitar o s\u00edtio Web sem nos dizer quem \u00e9 ou revelar qualquer informa\u00e7\u00e3o atrav\u00e9s da qual algu\u00e9m o possa identificar como um indiv\u00edduo espec\u00edfico e identific\u00e1vel. No entanto, se pretender utilizar determinadas funcionalidades do s\u00edtio Web, ou se pretender receber a nossa newsletter ou fornecer outros dados atrav\u00e9s do preenchimento de um formul\u00e1rio, poder\u00e1 fornecer-nos dados pessoais, tais como o seu correio eletr\u00f3nico, nome pr\u00f3prio, apelido, cidade de resid\u00eancia, organiza\u00e7\u00e3o e n\u00famero de telefone. O utilizador pode optar por n\u00e3o nos fornecer os seus dados pessoais, mas nesse caso poder\u00e1 n\u00e3o conseguir tirar partido de determinadas funcionalidades do s\u00edtio Web. Por exemplo, n\u00e3o poder\u00e1 receber a nossa newsletter ou contactar-nos diretamente a partir do s\u00edtio Web. Os utilizadores que n\u00e3o saibam que informa\u00e7\u00f5es s\u00e3o necess\u00e1rias s\u00e3o encorajados a contactar-nos atrav\u00e9s de casadospecadoslisboa@gmail.com.<br \/>Os seus direitos:<\/p><p>Se o utilizador for um residente europeu, tem os seguintes direitos relacionados com os seus dados pessoais:<\/p><p>O direito de ser informado.<br \/>O direito de acesso.<br \/>O direito de retifica\u00e7\u00e3o.<br \/>O direito de apagar.<br \/>O direito de restringir o processamento.<br \/>O direito \u00e0 portabilidade dos dados.<br \/>O direito de obje\u00e7\u00e3o.<br \/>Os direitos relativos \u00e0 tomada de decis\u00f5es automatizadas e \u00e0 defini\u00e7\u00e3o de perfis.<\/p><p>Se pretender exercer este direito, contacte-nos atrav\u00e9s dos dados de contacto abaixo.<\/p><p>Al\u00e9m disso, se o utilizador for residente na Europa, informamos que processamos as suas informa\u00e7\u00f5es para executar contratos que possamos ter com o utilizador (por exemplo, se efetuar uma encomenda atrav\u00e9s do S\u00edtio), ou para prosseguir os nossos interesses comerciais leg\u00edtimos acima indicados. Al\u00e9m disso, o utilizador deve ter em conta que as suas informa\u00e7\u00f5es podem ser transferidas para fora da Europa, incluindo para o Canad\u00e1 e os Estados Unidos.<br \/>Liga\u00e7\u00f5es a outros s\u00edtios Web:<\/p><p>O nosso s\u00edtio Web pode conter liga\u00e7\u00f5es a outros s\u00edtios Web que n\u00e3o s\u00e3o detidos ou controlados por n\u00f3s. Tenha em aten\u00e7\u00e3o que n\u00e3o somos respons\u00e1veis por estes outros s\u00edtios Web ou pelas pr\u00e1ticas de privacidade de terceiros. Aconselhamos o utilizador a estar atento quando sair do nosso s\u00edtio Web e a ler as declara\u00e7\u00f5es de privacidade de todos os s\u00edtios Web que possam recolher informa\u00e7\u00f5es pessoais.<br \/>Seguran\u00e7a das informa\u00e7\u00f5es:<\/p><p>Asseguramos as informa\u00e7\u00f5es fornecidas pelo utilizador em servidores inform\u00e1ticos num ambiente controlado e seguro, protegido contra acesso, utiliza\u00e7\u00e3o ou divulga\u00e7\u00e3o n\u00e3o autorizados. Mantemos salvaguardas administrativas, t\u00e9cnicas e f\u00edsicas razo\u00e1veis para proteger contra o acesso n\u00e3o autorizado, a utiliza\u00e7\u00e3o, a modifica\u00e7\u00e3o e a divulga\u00e7\u00e3o de dados pessoais sob o seu controlo e cust\u00f3dia. No entanto, nenhuma transmiss\u00e3o de dados atrav\u00e9s da Internet ou de uma rede sem fios pode ser garantida.<br \/>Divulga\u00e7\u00e3o legal:<\/p><p>Divulgaremos todas as informa\u00e7\u00f5es que recolhemos, utilizamos ou recebemos se tal for exigido ou permitido por lei, como, por exemplo, para cumprir uma intima\u00e7\u00e3o ou um processo legal semelhante, e quando acreditarmos de boa f\u00e9 que a divulga\u00e7\u00e3o \u00e9 necess\u00e1ria para proteger os nossos direitos, a sua seguran\u00e7a ou a seguran\u00e7a de terceiros, investigar fraudes ou responder a um pedido governamental.<br \/>Informa\u00e7\u00f5es de contacto:<\/p><p>Se pretender contactar-nos para saber mais sobre esta pol\u00edtica ou se pretender contactar-nos relativamente a quaisquer quest\u00f5es sobre direitos individuais e as suas informa\u00e7\u00f5es pessoais, pode enviar uma mensagem de correio eletr\u00f3nico para casadospecadoslisboa@gmail.com.<\/p>\t\t\t\t\t\t\t\t<\/div>\n\t\t\t\t<\/div>\n\t\t\t\t\t<\/div>\n\t\t<\/div>\n\t\t\t\t\t<\/div>\n\t\t<\/section>\n\t\t\t\t<\/div>\n\t\t","protected":false},"excerpt":{"rendered":"<p>O site https:\/\/casadospecados.pt \u00e9 propriedade da Casa Dos Pecados, que \u00e9 um controlador de dados dos seus dados pessoais. Adopt\u00e1mos esta pol\u00edtica de privacidade, que determina a forma como tratamos a informa\u00e7\u00e3o recolhida pelo https:\/\/casadospecados.pt, que tamb\u00e9m fornece as raz\u00f5es pelas quais precisamos de recolher determinados dados pessoais do utilizador. Por conseguinte, o utilizador deve [&hellip;]<\/p>\n","protected":false},"author":1,"featured_media":0,"parent":0,"menu_order":0,"comment_status":"closed","ping_status":"closed","template":"","meta":{"footnotes":""},"class_list":["post-3","page","type-page","status-publish","hentry"],"_links":{"self":[{"href":"https:\/\/casadospecados.pt\/pt\/wp-json\/wp\/v2\/pages\/3","targetHints":{"allow":["GET"]}}],"collection":[{"href":"https:\/\/casadospecados.pt\/pt\/wp-json\/wp\/v2\/pages"}],"about":[{"href":"https:\/\/casadospecados.pt\/pt\/wp-json\/wp\/v2\/types\/page"}],"author":[{"embeddable":true,"href":"https:\/\/casadospecados.pt\/pt\/wp-json\/wp\/v2\/users\/1"}],"replies":[{"embeddable":true,"href":"https:\/\/casadospecados.pt\/pt\/wp-json\/wp\/v2\/comments?post=3"}],"version-history":[{"count":0,"href":"https:\/\/casadospecados.pt\/pt\/wp-json\/wp\/v2\/pages\/3\/revisions"}],"wp:attachment":[{"href":"https:\/\/casadospecados.pt\/pt\/wp-json\/wp\/v2\/media?parent=3"}],"curies":[{"name":"wp","href":"https:\/\/api.w.org\/{rel}","templated":true}]}}