{"id":988158,"date":"2024-05-03T14:49:40","date_gmt":"2024-05-03T14:49:40","guid":{"rendered":"https:\/\/casadospecados.pt\/?page_id=988158"},"modified":"2024-05-03T14:52:56","modified_gmt":"2024-05-03T14:52:56","slug":"termos-e-condicoes","status":"publish","type":"page","link":"https:\/\/casadospecados.pt\/pt\/termos-e-condicoes\/","title":{"rendered":"Termos e Condi\u00e7\u00f5es"},"content":{"rendered":"\t\t<div data-elementor-type=\"wp-page\" data-elementor-id=\"988158\" class=\"elementor elementor-988158\" data-elementor-post-type=\"page\">\n\t\t\t\t\t\t<section class=\"elementor-section elementor-top-section elementor-element elementor-element-54892d8f elementor-section-boxed elementor-section-height-default elementor-section-height-default\" data-id=\"54892d8f\" data-element_type=\"section\" data-e-type=\"section\">\n\t\t\t\t\t\t<div class=\"elementor-container elementor-column-gap-no\">\n\t\t\t\t\t<div class=\"elementor-column elementor-col-100 elementor-top-column elementor-element elementor-element-61cc4255\" data-id=\"61cc4255\" data-element_type=\"column\" data-e-type=\"column\">\n\t\t\t<div class=\"elementor-widget-wrap elementor-element-populated\">\n\t\t\t\t\t\t<div class=\"elementor-element elementor-element-1c8f891f elementor-widget elementor-widget-text-editor\" data-id=\"1c8f891f\" data-element_type=\"widget\" data-e-type=\"widget\" data-widget_type=\"text-editor.default\">\n\t\t\t\t<div class=\"elementor-widget-container\">\n\t\t\t\t\t\t\t\t\t<p>Bem-vindo \u00e0 Casa Dos Pecados!<\/p><p>Estes termos e condi\u00e7\u00f5es descrevem as regras e regulamentos para o uso do site da Casa Dos Pecados, localizado em https:\/\/casadospecados.pt.<\/p><p>Ao aceder a este site, assumimos que aceita estes termos e condi\u00e7\u00f5es. N\u00e3o continue a utilizar a Casa Dos Pecados se n\u00e3o estiver de acordo com todos os termos e condi\u00e7\u00f5es estabelecidos nesta p\u00e1gina. Cookies:<\/p><p>O website utiliza cookies para ajudar a personalizar a sua experi\u00eancia online. Ao aceder \u00e0 Casa Dos Pecados, est\u00e1 a concordar com a utiliza\u00e7\u00e3o dos cookies necess\u00e1rios.<\/p><p>Um cookie \u00e9 um ficheiro de texto que \u00e9 colocado no seu disco r\u00edgido por um servidor de p\u00e1ginas web. Os cookies n\u00e3o podem ser usados para executar programas ou enviar v\u00edrus para o seu computador. Os cookies s\u00e3o atribu\u00eddos exclusivamente ao utilizador e s\u00f3 podem ser lidos por um servidor Web no dom\u00ednio que emitiu o cookie para o utilizador.<\/p><p>Podemos utilizar cookies para recolher, armazenar e rastrear informa\u00e7\u00f5es para fins estat\u00edsticos ou de marketing, de modo a operar o nosso s\u00edtio Web. O utilizador tem a possibilidade de aceitar ou recusar cookies opcionais. Existem determinados cookies obrigat\u00f3rios que s\u00e3o necess\u00e1rios para o funcionamento do nosso s\u00edtio Web. Estes cookies n\u00e3o requerem o seu consentimento porque funcionam sempre. Tenha em aten\u00e7\u00e3o que, ao aceitar Cookies obrigat\u00f3rios, est\u00e1 tamb\u00e9m a aceitar Cookies de terceiros, que podem ser utilizados atrav\u00e9s de servi\u00e7os fornecidos por terceiros se utilizar estes servi\u00e7os no nosso s\u00edtio Web, por exemplo, uma janela de visualiza\u00e7\u00e3o de v\u00eddeo fornecida por terceiros e integrada no nosso s\u00edtio Web.<br \/>Licen\u00e7a:<\/p><p>Salvo indica\u00e7\u00e3o em contr\u00e1rio, a Casa Dos Pecados e\/ou os seus licenciadores det\u00eam os direitos de propriedade intelectual de todo o material da Casa Dos Pecados. Todos os direitos de propriedade intelectual s\u00e3o reservados. O utilizador pode aceder a eles a partir da Casa Dos Pecados para seu uso pessoal, sujeito \u00e0s restri\u00e7\u00f5es estabelecidas nestes termos e condi\u00e7\u00f5es.<\/p><p>N\u00e3o \u00e9 permitido:<\/p><p>Copiar ou republicar qualquer material da Casa Dos Pecados. Vender, alugar ou sublicenciar material da Casa Dos Pecados. Reproduzir, duplicar ou copiar material da Casa Dos Pecados. Redistribuir o conte\u00fado da Casa Dos Pecados.<\/p><p>Este acordo \u00e9 efetivo a partir da data do presente.<\/p><p>Algumas partes deste site oferecem aos utilizadores a oportunidade de publicar e trocar opini\u00f5es e informa\u00e7\u00f5es em determinadas \u00e1reas do site. A Casa Dos Pecados n\u00e3o selecciona, edita, publica ou rev\u00ea os coment\u00e1rios antes de aparecerem no site. Os coment\u00e1rios n\u00e3o reflectem os pontos de vista e opini\u00f5es da Casa Dos Pecados, dos seus agentes e\/ou afiliados. Os coment\u00e1rios reflectem os pontos de vista e opini\u00f5es da pessoa que os publica. Na medida do permitido pela lei aplic\u00e1vel, a Casa Dos Pecados n\u00e3o ser\u00e1 respons\u00e1vel pelos Coment\u00e1rios ou por qualquer responsabilidade, danos ou despesas causadas e\/ou incorridas como resultado do uso e\/ou publica\u00e7\u00e3o e\/ou aparecimento dos Coment\u00e1rios neste website.<\/p><p>A Casa Dos Pecados reserva-se o direito de monitorizar todos os Coment\u00e1rios e de remover quaisquer Coment\u00e1rios que possam ser considerados inapropriados, ofensivos ou que resultem numa viola\u00e7\u00e3o destes Termos e Condi\u00e7\u00f5es.<\/p><p>O utilizador garante e declara que:<\/p><p>O utilizador tem o direito de publicar coment\u00e1rios no nosso website e tem todas as licen\u00e7as e consentimentos necess\u00e1rios para o fazer;<br \/>Os Coment\u00e1rios n\u00e3o infringem quaisquer direitos de propriedade intelectual, incluindo, sem limita\u00e7\u00e3o, os direitos de autor, patentes ou marcas comerciais de terceiros; e Os Coment\u00e1rios n\u00e3o cont\u00eam qualquer material difamat\u00f3rio, calunioso, ofensivo, indecente ou de outra forma ilegal que constitua uma invas\u00e3o de privacidade. Os Coment\u00e1rios n\u00e3o ser\u00e3o usados para solicitar ou promover qualquer neg\u00f3cio ou costume ou para retratar qualquer neg\u00f3cio ou atividade ilegal.<\/p><p>O utilizador concede \u00e0 Casa Dos Pecados uma licen\u00e7a n\u00e3o exclusiva para usar, reproduzir, editar e autorizar outros a usar, reproduzir e editar qualquer um dos seus coment\u00e1rios em qualquer forma, formato ou meio. Hiperliga\u00e7\u00e3o ao nosso conte\u00fado:<\/p><p>As seguintes organiza\u00e7\u00f5es podem criar links para o nosso site sem autoriza\u00e7\u00e3o pr\u00e9via por escrito:<\/p><p>Ag\u00eancias governamentais;<br \/>Motores de pesquisa;<br \/>Organiza\u00e7\u00f5es noticiosas;<br \/>Os distribuidores de direct\u00f3rios online podem estabelecer liga\u00e7\u00f5es para o nosso s\u00edtio Web da mesma forma que estabelecem liga\u00e7\u00f5es para os s\u00edtios Web de outras empresas listadas; e empresas acreditadas em todo o sistema, com exce\u00e7\u00e3o de organiza\u00e7\u00f5es de solicita\u00e7\u00e3o sem fins lucrativos, centros de neg\u00f3cios de caridade e grupos de angaria\u00e7\u00e3o de fundos de caridade, que n\u00e3o podem estabelecer liga\u00e7\u00f5es para o nosso s\u00edtio Web.<\/p><p>Estas organiza\u00e7\u00f5es podem estabelecer liga\u00e7\u00f5es \u00e0 nossa p\u00e1gina inicial, a publica\u00e7\u00f5es ou a outras informa\u00e7\u00f5es no s\u00edtio Web, desde que a liga\u00e7\u00e3o (a) n\u00e3o seja enganosa de forma alguma; (b) n\u00e3o implique falsamente o patroc\u00ednio, a aprova\u00e7\u00e3o ou o apoio da parte que estabelece a liga\u00e7\u00e3o e dos seus produtos e\/ou servi\u00e7os; e (c) esteja dentro do contexto do s\u00edtio da parte que estabelece a liga\u00e7\u00e3o.<\/p><p>Podemos considerar e aprovar pedidos de liga\u00e7\u00f5es adicionais dos seguintes tipos de organiza\u00e7\u00f5es:<\/p><p>fontes de informa\u00e7\u00e3o de consumidores e\/ou empresas comummente conhecidas; sites de comunidades dot.com; associa\u00e7\u00f5es ou outros grupos que representem organiza\u00e7\u00f5es de caridade; distribuidores de direct\u00f3rios online; portais de Internet; empresas de contabilidade, advocacia e consultoria; e institui\u00e7\u00f5es de ensino e associa\u00e7\u00f5es profissionais.<\/p><p>Aprovaremos os pedidos de liga\u00e7\u00e3o destas organiza\u00e7\u00f5es se decidirmos que: (a) o link n\u00e3o se reflectir\u00e1 desfavoravelmente sobre n\u00f3s ou sobre os nossos neg\u00f3cios acreditados; (b) a organiza\u00e7\u00e3o n\u00e3o tem um registo negativo connosco; (c) o benef\u00edcio para n\u00f3s da visibilidade do hyperlink supera a aus\u00eancia da Casa Dos Pecados; e (d) o link est\u00e1 no contexto de informa\u00e7\u00f5es de recursos gerais.<\/p><p>Estas organiza\u00e7\u00f5es podem fazer um link para a nossa p\u00e1gina principal desde que o link (a) n\u00e3o seja enganosa de forma alguma; (b) n\u00e3o implique falsamente o patroc\u00ednio, endosso ou aprova\u00e7\u00e3o da parte que faz o link e seus produtos ou servi\u00e7os; e (c) esteja dentro do contexto do site da parte que faz o link.<\/p><p>Se for uma das organiza\u00e7\u00f5es listadas no par\u00e1grafo 2 acima e desejar criar um link para o nosso site, deve notificar-nos enviando um e-mail para a Casa Dos Pecados. Por favor, inclua o seu nome, o nome da sua organiza\u00e7\u00e3o, as suas informa\u00e7\u00f5es de contacto e o URL do seu site, uma lista de todos os URLs a partir dos quais pretende ligar ao nosso site, e uma lista dos URLs no nosso site para os quais pretende ligar. Aguarde 2 a 3 semanas por uma resposta.<\/p><p>As organiza\u00e7\u00f5es aprovadas podem criar hiperliga\u00e7\u00f5es para o nosso s\u00edtio Web das seguintes formas:<\/p><p>Usando o nosso nome corporativo; ou Usando o localizador uniforme de recursos para o qual o link \u00e9 feito; ou Usando qualquer outra descri\u00e7\u00e3o do nosso site vinculado que fa\u00e7a sentido no contexto e formato do conte\u00fado do site da parte vinculante.<\/p><p>N\u00e3o ser\u00e1 permitida a utiliza\u00e7\u00e3o do log\u00f3tipo da Casa dos Pecados ou de outro trabalho art\u00edstico para liga\u00e7\u00e3o na aus\u00eancia de um acordo de licen\u00e7a de marca registada.<br \/>Responsabilidade pelo conte\u00fado:<\/p><p>N\u00e3o seremos respons\u00e1veis por qualquer conte\u00fado que apare\u00e7a no seu s\u00edtio web. O utilizador concorda em proteger-nos e defender-nos contra quaisquer reclama\u00e7\u00f5es que sejam apresentadas no seu s\u00edtio Web. N\u00e3o deve aparecer qualquer liga\u00e7\u00e3o em qualquer s\u00edtio Web que possa ser interpretado como difamat\u00f3rio, obsceno ou criminoso, ou que infrinja, viole ou defenda a infra\u00e7\u00e3o ou qualquer outra viola\u00e7\u00e3o dos direitos de terceiros.<br \/>Reserva de direitos:<\/p><p>Reservamo-nos o direito de exigir que o utilizador remova todas as liga\u00e7\u00f5es ou uma liga\u00e7\u00e3o espec\u00edfica ao nosso s\u00edtio Web. O utilizador concorda em remover imediatamente todas as liga\u00e7\u00f5es ao nosso s\u00edtio Web, mediante pedido. Tamb\u00e9m nos reservamos o direito de alterar estes termos e condi\u00e7\u00f5es e a sua pol\u00edtica de liga\u00e7\u00f5es em qualquer altura. Ao estabelecer continuamente uma liga\u00e7\u00e3o ao nosso s\u00edtio Web, o utilizador concorda em respeitar e seguir os presentes termos e condi\u00e7\u00f5es de liga\u00e7\u00e3o.<br \/>Remo\u00e7\u00e3o de liga\u00e7\u00f5es do nosso s\u00edtio Web:<\/p><p>Se encontrar uma liga\u00e7\u00e3o no nosso s\u00edtio Web que seja ofensiva por qualquer motivo, pode contactar-nos e informar-nos em qualquer altura. Analisaremos os pedidos de remo\u00e7\u00e3o de hiperliga\u00e7\u00f5es, mas n\u00e3o somos obrigados a faz\u00ea-lo ou a responder-lhe diretamente.<\/p><p>N\u00e3o garantimos a exatid\u00e3o das informa\u00e7\u00f5es contidas neste s\u00edtio Web. N\u00e3o garantimos a sua integridade ou exatid\u00e3o, nem prometemos assegurar que o s\u00edtio Web se mant\u00e9m dispon\u00edvel ou que o material nele contido se mant\u00e9m atualizado.<br \/>Exonera\u00e7\u00e3o de responsabilidade:<\/p><p>Na medida m\u00e1xima permitida pela lei aplic\u00e1vel, exclu\u00edmos todas as representa\u00e7\u00f5es, garantias e condi\u00e7\u00f5es relacionadas com o nosso s\u00edtio Web e a utiliza\u00e7\u00e3o do mesmo. Nada na presente declara\u00e7\u00e3o de exonera\u00e7\u00e3o de responsabilidade deve<\/p><p>limitar ou excluir a nossa ou a sua responsabilidade por morte ou danos pessoais; limitar ou excluir a nossa ou a sua responsabilidade por fraude ou deturpa\u00e7\u00e3o fraudulenta; limitar qualquer responsabilidade nossa ou sua de uma forma que n\u00e3o seja permitida pela lei aplic\u00e1vel; ou excluir qualquer responsabilidade nossa ou sua que n\u00e3o possa ser exclu\u00edda ao abrigo da lei aplic\u00e1vel.<\/p><p>As limita\u00e7\u00f5es e proibi\u00e7\u00f5es de responsabilidade estabelecidas nesta sec\u00e7\u00e3o e noutras partes da presente declara\u00e7\u00e3o de exonera\u00e7\u00e3o de responsabilidade: (a) est\u00e3o sujeitas ao par\u00e1grafo anterior; e (b) regem todas as responsabilidades decorrentes da declara\u00e7\u00e3o de exonera\u00e7\u00e3o de responsabilidade, incluindo responsabilidades contratuais, extracontratuais e por viola\u00e7\u00e3o de deveres legais.<\/p><p>Enquanto o s\u00edtio Web e as informa\u00e7\u00f5es e servi\u00e7os nele contidos forem fornecidos gratuitamente, n\u00e3o seremos respons\u00e1veis por quaisquer perdas ou danos de qualquer tipo.<\/p>\t\t\t\t\t\t\t\t<\/div>\n\t\t\t\t<\/div>\n\t\t\t\t\t<\/div>\n\t\t<\/div>\n\t\t\t\t\t<\/div>\n\t\t<\/section>\n\t\t\t\t<\/div>\n\t\t","protected":false},"excerpt":{"rendered":"<p>Bem-vindo \u00e0 Casa Dos Pecados! Estes termos e condi\u00e7\u00f5es descrevem as regras e regulamentos para o uso do site da Casa Dos Pecados, localizado em https:\/\/casadospecados.pt. Ao aceder a este site, assumimos que aceita estes termos e condi\u00e7\u00f5es. N\u00e3o continue a utilizar a Casa Dos Pecados se n\u00e3o estiver de acordo com todos os termos [&hellip;]<\/p>\n","protected":false},"author":1,"featured_media":0,"parent":0,"menu_order":0,"comment_status":"closed","ping_status":"closed","template":"","meta":{"footnotes":""},"class_list":["post-988158","page","type-page","status-publish","hentry"],"_links":{"self":[{"href":"https:\/\/casadospecados.pt\/pt\/wp-json\/wp\/v2\/pages\/988158","targetHints":{"allow":["GET"]}}],"collection":[{"href":"https:\/\/casadospecados.pt\/pt\/wp-json\/wp\/v2\/pages"}],"about":[{"href":"https:\/\/casadospecados.pt\/pt\/wp-json\/wp\/v2\/types\/page"}],"author":[{"embeddable":true,"href":"https:\/\/casadospecados.pt\/pt\/wp-json\/wp\/v2\/users\/1"}],"replies":[{"embeddable":true,"href":"https:\/\/casadospecados.pt\/pt\/wp-json\/wp\/v2\/comments?post=988158"}],"version-history":[{"count":0,"href":"https:\/\/casadospecados.pt\/pt\/wp-json\/wp\/v2\/pages\/988158\/revisions"}],"wp:attachment":[{"href":"https:\/\/casadospecados.pt\/pt\/wp-json\/wp\/v2\/media?parent=988158"}],"curies":[{"name":"wp","href":"https:\/\/api.w.org\/{rel}","templated":true}]}}