{"id":988172,"date":"2024-05-03T14:54:46","date_gmt":"2024-05-03T14:54:46","guid":{"rendered":"https:\/\/casadospecados.pt\/?page_id=988172"},"modified":"2024-05-03T14:55:59","modified_gmt":"2024-05-03T14:55:59","slug":"politica-de-cookies","status":"publish","type":"page","link":"https:\/\/casadospecados.pt\/pt\/politica-de-cookies\/","title":{"rendered":"Pol\u00edtica de Cookies"},"content":{"rendered":"\t\t<div data-elementor-type=\"wp-page\" data-elementor-id=\"988172\" class=\"elementor elementor-988172\" data-elementor-post-type=\"page\">\n\t\t\t\t\t\t<section class=\"elementor-section elementor-top-section elementor-element elementor-element-54892d8f elementor-section-boxed elementor-section-height-default elementor-section-height-default\" data-id=\"54892d8f\" data-element_type=\"section\" data-e-type=\"section\">\n\t\t\t\t\t\t<div class=\"elementor-container elementor-column-gap-no\">\n\t\t\t\t\t<div class=\"elementor-column elementor-col-100 elementor-top-column elementor-element elementor-element-61cc4255\" data-id=\"61cc4255\" data-element_type=\"column\" data-e-type=\"column\">\n\t\t\t<div class=\"elementor-widget-wrap elementor-element-populated\">\n\t\t\t\t\t\t<div class=\"elementor-element elementor-element-1c8f891f elementor-widget elementor-widget-text-editor\" data-id=\"1c8f891f\" data-element_type=\"widget\" data-e-type=\"widget\" data-widget_type=\"text-editor.default\">\n\t\t\t\t<div class=\"elementor-widget-container\">\n\t\t\t\t\t\t\t\t\t<p>Esta pol\u00edtica de cookies explica como o <strong>www.casadospecados.pt <\/strong>(doravante referido como &#8220;n\u00f3s&#8221;, &#8220;nosso&#8221; ou &#8220;nos&#8221;) utiliza cookies e tecnologias semelhantes para melhorar a tua experi\u00eancia online e entenderes como utilizas o nosso site. Ao continuar a utilizar este site, est\u00e1s a concordar com a nossa utiliza\u00e7\u00e3o de cookies conforme descrito nesta pol\u00edtica.<\/p><p><strong>O que s\u00e3o cookies?<\/strong><\/p><p>Os cookies s\u00e3o pequenos ficheiros de texto que um site transfere para o teu computador, smartphone ou outro dispositivo quando o visitas. Os cookies permitem que um site reconhe\u00e7a o teu dispositivo, personalize a tua experi\u00eancia de utilizador e forne\u00e7a funcionalidades essenciais, como manter-te ligado \u00e0 tua conta ou lembrar os itens no teu carrinho de compras.<\/p><p><strong>Que tipos de cookies utilizamos?<\/strong><\/p><ol><li><p><strong>Cookies Estritamente Necess\u00e1rios<\/strong>: Estes cookies s\u00e3o essenciais para te permitir navegar no site e utilizar as suas funcionalidades, como aceder a \u00e1reas seguras do site. Sem estes cookies, certas partes do site podem n\u00e3o funcionar corretamente.<\/p><\/li><li><p><strong>Cookies de Desempenho<\/strong>: Estes cookies recolhem informa\u00e7\u00f5es sobre como os visitantes utilizam o nosso site, como as p\u00e1ginas que visitam com mais frequ\u00eancia e se encontram mensagens de erro. Estes cookies n\u00e3o recolhem informa\u00e7\u00f5es que identifiquem um visitante. Toda a informa\u00e7\u00e3o recolhida por estes cookies \u00e9 agregada e, portanto, an\u00f3nima. Utilizamos esta informa\u00e7\u00e3o para melhorar o funcionamento do nosso site.<\/p><\/li><li><p><strong>Cookies de Funcionalidade<\/strong>: Estes cookies permitem ao site lembrar escolhas que fazes (como o teu nome de utilizador, idioma ou regi\u00e3o) e fornecer funcionalidades melhoradas e mais personalizadas. Por exemplo, podemos utilizar cookies de funcionalidade para lembrar os produtos que adicionaste ao teu carrinho de compras.<\/p><\/li><li><p><strong>Cookies de Publicidade<\/strong>: Estes cookies s\u00e3o utilizados para mostrar an\u00fancios relevantes para ti e os teus interesses. Podemos partilhar estas informa\u00e7\u00f5es com terceiros, como redes de publicidade, para este fim.<\/p><\/li><\/ol><p><strong>Como controlar cookies<\/strong><\/p><p>Podes controlar e\/ou apagar cookies conforme desejares. Podes apagar todos os cookies j\u00e1 armazenados no teu computador e podes configurar a maioria dos navegadores para evitar que os cookies sejam armazenados. No entanto, se optares por bloquear os cookies, poder\u00e1s ter de ajustar manualmente algumas prefer\u00eancias sempre que visitares um site, e algumas funcionalidades e servi\u00e7os podem n\u00e3o funcionar.<\/p><p><strong>Altera\u00e7\u00f5es a esta pol\u00edtica de cookies<\/strong><\/p><p>Podemos atualizar esta pol\u00edtica de cookies periodicamente para refletir altera\u00e7\u00f5es nas pr\u00e1ticas de cookies. Encorajamos-te a consultar esta p\u00e1gina regularmente para obteres as informa\u00e7\u00f5es mais recentes sobre como utilizamos cookies.<\/p><p><strong>Contacta-nos<\/strong><\/p><p>Se tiveres alguma d\u00favida sobre esta pol\u00edtica de cookies, entra em contacto connosco atrav\u00e9s do nosso formul\u00e1rio de contacto dispon\u00edvel no site.<\/p>\t\t\t\t\t\t\t\t<\/div>\n\t\t\t\t<\/div>\n\t\t\t\t\t<\/div>\n\t\t<\/div>\n\t\t\t\t\t<\/div>\n\t\t<\/section>\n\t\t\t\t<\/div>\n\t\t","protected":false},"excerpt":{"rendered":"<p>Esta pol\u00edtica de cookies explica como o www.casadospecados.pt (doravante referido como &#8220;n\u00f3s&#8221;, &#8220;nosso&#8221; ou &#8220;nos&#8221;) utiliza cookies e tecnologias semelhantes para melhorar a tua experi\u00eancia online e entenderes como utilizas o nosso site. Ao continuar a utilizar este site, est\u00e1s a concordar com a nossa utiliza\u00e7\u00e3o de cookies conforme descrito nesta pol\u00edtica. O que s\u00e3o [&hellip;]<\/p>\n","protected":false},"author":1,"featured_media":0,"parent":0,"menu_order":0,"comment_status":"closed","ping_status":"closed","template":"","meta":{"footnotes":""},"class_list":["post-988172","page","type-page","status-publish","hentry"],"_links":{"self":[{"href":"https:\/\/casadospecados.pt\/pt\/wp-json\/wp\/v2\/pages\/988172","targetHints":{"allow":["GET"]}}],"collection":[{"href":"https:\/\/casadospecados.pt\/pt\/wp-json\/wp\/v2\/pages"}],"about":[{"href":"https:\/\/casadospecados.pt\/pt\/wp-json\/wp\/v2\/types\/page"}],"author":[{"embeddable":true,"href":"https:\/\/casadospecados.pt\/pt\/wp-json\/wp\/v2\/users\/1"}],"replies":[{"embeddable":true,"href":"https:\/\/casadospecados.pt\/pt\/wp-json\/wp\/v2\/comments?post=988172"}],"version-history":[{"count":0,"href":"https:\/\/casadospecados.pt\/pt\/wp-json\/wp\/v2\/pages\/988172\/revisions"}],"wp:attachment":[{"href":"https:\/\/casadospecados.pt\/pt\/wp-json\/wp\/v2\/media?parent=988172"}],"curies":[{"name":"wp","href":"https:\/\/api.w.org\/{rel}","templated":true}]}}